{"id":1848,"date":"2025-10-10T08:41:24","date_gmt":"2025-10-10T08:41:24","guid":{"rendered":"https:\/\/soi-holistique.com\/fmt\/?page_id=1848"},"modified":"2025-10-10T08:41:24","modified_gmt":"2025-10-10T08:41:24","slug":"soin-energetique-de-purification-et-delevation-vibratoire","status":"publish","type":"page","link":"https:\/\/soi-holistique.com\/fmt\/soin-energetique-de-purification-et-delevation-vibratoire\/","title":{"rendered":"Soin Energ\u00e9tique de purification et d\u2019\u00e9l\u00e9vation vibratoire"},"content":{"rendered":"\n<div class=\"wp-block-uagb-advanced-heading uagb-block-efd3c66c\"><h3 class=\"uagb-heading-text\">Soin Energ\u00e9tique de purification et d\u2019\u00e9l\u00e9vation vibratoire<\/h3><\/div>\n\n\n\n<p><\/p>\n\n\n\n<div class=\"wp-block-uagb-container uagb-block-8db0e897 alignfull uagb-is-root-container\"><div class=\"uagb-container-inner-blocks-wrap\">\n<div class=\"wp-block-uagb-image uagb-block-38606214 wp-block-uagb-image--layout-default wp-block-uagb-image--effect-static wp-block-uagb-image--align-none\"><figure class=\"wp-block-uagb-image__figure\"><img decoding=\"async\" srcset=\"https:\/\/soi-holistique.com\/fmt\/wp-content\/uploads\/2025\/10\/amir-asghari-1JmsOBHzgLI-unsplash-1024x683.jpg ,https:\/\/soi-holistique.com\/fmt\/wp-content\/uploads\/2025\/10\/amir-asghari-1JmsOBHzgLI-unsplash-scaled.jpg 780w, https:\/\/soi-holistique.com\/fmt\/wp-content\/uploads\/2025\/10\/amir-asghari-1JmsOBHzgLI-unsplash-scaled.jpg 360w\" sizes=\"auto, (max-width: 480px) 150px\" src=\"https:\/\/soi-holistique.com\/fmt\/wp-content\/uploads\/2025\/10\/amir-asghari-1JmsOBHzgLI-unsplash-1024x683.jpg\" alt=\"\" class=\"uag-image-1849\" width=\"691\" height=\"461\" title=\"amir-asghari-1JmsOBHzgLI-unsplash\" loading=\"lazy\" role=\"img\"\/><\/figure><\/div>\n\n\n\n<p class=\"has-text-align-center\">Ce soin Reiki, \u00e0 la fois doux et profond\u00e9ment transformateur, agit comme une onde de lumi\u00e8re qui traverse l\u2019ensemble de ton \u00eatre. Il purifie tes diff\u00e9rents corps \u2014 physique, \u00e9motionnel, mental et spirituel \u2014 en dissolvant les charges, les m\u00e9moires et les blocages \u00e9nerg\u00e9tiques accumul\u00e9s au fil du temps.<br><br>En r\u00e9tablissant la circulation naturelle de l\u2019\u00e9nergie vitale, il \u00e9l\u00e8ve ta fr\u00e9quence vibratoire, t\u2019ouvrant \u00e0 des \u00e9tats de paix int\u00e9rieure, d\u2019amour, de clart\u00e9 et de l\u00e9g\u00e8ret\u00e9. Tu te sens progressivement align\u00e9(e), apais\u00e9(e) et reconnect\u00e9(e) \u00e0 ta v\u00e9ritable essence.<br><br>Ce soin agit comme un <strong>reset \u00e9nerg\u00e9tique<\/strong>, un <strong>portail de renaissance subtile<\/strong>, te permettant de te lib\u00e9rer de l\u2019ancien pour rena\u00eetre \u00e0 une version plus authentique et lumineuse de toi-m\u00eame. Tu retrouveras ainsi un ancrage profond, une vitalit\u00e9 nouvelle et une ouverture du c\u0153ur qui t\u2019invite \u00e0 accueillir davantage d\u2019amour, de joie et de bonheur dans ta vie quotidienne.<\/p>\n<\/div><\/div>\n\n\n\n<p class=\"has-text-align-center has-text-color has-link-color wp-elements-2e048d9b48e0c0c4148c0e482c70f194\" style=\"color:#956049\"><em><strong>Installe-toi confortablement dans un endroit calme, lance cet enregistrement et laisse les \u00e9nergies de gu\u00e9rison te guider et t\u2019envelopper.<\/strong><\/em><\/p>\n\n\n\n<div class=\"wp-block-uagb-container uagb-block-63ef0736 alignfull uagb-is-root-container\"><div class=\"uagb-container-inner-blocks-wrap\">\n<figure class=\"wp-block-audio\"><audio controls src=\"https:\/\/soi-holistique.com\/fmt\/wp-content\/uploads\/2024\/11\/Reiki-Vibration-CQSC.mp3\"><\/audio><\/figure>\n<\/div><\/div>\n\n\n\n<div class=\"wp-block-uagb-container uagb-block-ee782471 alignfull uagb-is-root-container\"><div class=\"uagb-container-inner-blocks-wrap\">\n<div style=\"height:100px\" aria-hidden=\"true\" class=\"wp-block-spacer\"><\/div>\n<\/div><\/div>\n\n\n\n<p class=\"has-text-align-right\">Je te souhaite une exp\u00e9rience lumineuse, empreinte de paix, d\u2019amour et de renouveau int\u00e9rieur.<\/p>\n\n\n\n<div class=\"wp-block-uagb-container uagb-block-7826ab53 alignfull uagb-is-root-container\"><div class=\"uagb-container-inner-blocks-wrap\">\n<p class=\"has-text-align-right\">En chemin avec toi,<br>Alina<\/p>\n<\/div><\/div>\n\n\n\n<p><\/p>\n","protected":false},"excerpt":{"rendered":"<p>Soin Energ\u00e9tique de purification et d\u2019\u00e9l\u00e9vation vibratoire Ce soin Reiki, \u00e0 la fois doux et profond\u00e9ment transformateur, agit comme une [&hellip;]<\/p>\n","protected":false},"author":1,"featured_media":0,"parent":0,"menu_order":0,"comment_status":"closed","ping_status":"closed","template":"","meta":{"_uag_custom_page_level_css":"","site-sidebar-layout":"default","site-content-layout":"","ast-site-content-layout":"default","site-content-style":"default","site-sidebar-style":"default","ast-global-header-display":"","ast-banner-title-visibility":"","ast-main-header-display":"","ast-hfb-above-header-display":"","ast-hfb-below-header-display":"","ast-hfb-mobile-header-display":"","site-post-title":"disabled","ast-breadcrumbs-content":"","ast-featured-img":"","footer-sml-layout":"","ast-disable-related-posts":"","theme-transparent-header-meta":"","adv-header-id-meta":"","stick-header-meta":"","header-above-stick-meta":"","header-main-stick-meta":"","header-below-stick-meta":"","astra-migrate-meta-layouts":"default","ast-page-background-enabled":"default","ast-page-background-meta":{"desktop":{"background-color":"var(--ast-global-color-4)","background-image":"","background-repeat":"repeat","background-position":"center center","background-size":"auto","background-attachment":"scroll","background-type":"","background-media":"","overlay-type":"","overlay-color":"","overlay-opacity":"","overlay-gradient":""},"tablet":{"background-color":"","background-image":"","background-repeat":"repeat","background-position":"center center","background-size":"auto","background-attachment":"scroll","background-type":"","background-media":"","overlay-type":"","overlay-color":"","overlay-opacity":"","overlay-gradient":""},"mobile":{"background-color":"","background-image":"","background-repeat":"repeat","background-position":"center center","background-size":"auto","background-attachment":"scroll","background-type":"","background-media":"","overlay-type":"","overlay-color":"","overlay-opacity":"","overlay-gradient":""}},"ast-content-background-meta":{"desktop":{"background-color":"var(--ast-global-color-5)","background-image":"","background-repeat":"repeat","background-position":"center center","background-size":"auto","background-attachment":"scroll","background-type":"","background-media":"","overlay-type":"","overlay-color":"","overlay-opacity":"","overlay-gradient":""},"tablet":{"background-color":"var(--ast-global-color-5)","background-image":"","background-repeat":"repeat","background-position":"center center","background-size":"auto","background-attachment":"scroll","background-type":"","background-media":"","overlay-type":"","overlay-color":"","overlay-opacity":"","overlay-gradient":""},"mobile":{"background-color":"var(--ast-global-color-5)","background-image":"","background-repeat":"repeat","background-position":"center center","background-size":"auto","background-attachment":"scroll","background-type":"","background-media":"","overlay-type":"","overlay-color":"","overlay-opacity":"","overlay-gradient":""}},"footnotes":""},"class_list":["post-1848","page","type-page","status-publish","hentry"],"uagb_featured_image_src":{"full":false,"thumbnail":false,"medium":false,"medium_large":false,"large":false,"1536x1536":false,"2048x2048":false,"mailpoet_newsletter_max":false,"woocommerce_thumbnail":false,"woocommerce_single":false,"woocommerce_gallery_thumbnail":false},"uagb_author_info":{"display_name":"Alina","author_link":"https:\/\/soi-holistique.com\/fmt\/author\/alinatheboss\/"},"uagb_comment_info":0,"uagb_excerpt":"Soin Energ\u00e9tique de purification et d\u2019\u00e9l\u00e9vation vibratoire Ce soin Reiki, \u00e0 la fois doux et profond\u00e9ment transformateur, agit comme une [&hellip;]","_links":{"self":[{"href":"https:\/\/soi-holistique.com\/fmt\/wp-json\/wp\/v2\/pages\/1848","targetHints":{"allow":["GET"]}}],"collection":[{"href":"https:\/\/soi-holistique.com\/fmt\/wp-json\/wp\/v2\/pages"}],"about":[{"href":"https:\/\/soi-holistique.com\/fmt\/wp-json\/wp\/v2\/types\/page"}],"author":[{"embeddable":true,"href":"https:\/\/soi-holistique.com\/fmt\/wp-json\/wp\/v2\/users\/1"}],"replies":[{"embeddable":true,"href":"https:\/\/soi-holistique.com\/fmt\/wp-json\/wp\/v2\/comments?post=1848"}],"version-history":[{"count":1,"href":"https:\/\/soi-holistique.com\/fmt\/wp-json\/wp\/v2\/pages\/1848\/revisions"}],"predecessor-version":[{"id":1850,"href":"https:\/\/soi-holistique.com\/fmt\/wp-json\/wp\/v2\/pages\/1848\/revisions\/1850"}],"wp:attachment":[{"href":"https:\/\/soi-holistique.com\/fmt\/wp-json\/wp\/v2\/media?parent=1848"}],"curies":[{"name":"wp","href":"https:\/\/api.w.org\/{rel}","templated":true}]}}