{"id":2066,"date":"2026-03-26T16:33:38","date_gmt":"2026-03-26T16:33:38","guid":{"rendered":"https:\/\/soi-holistique.com\/fmt\/?post_type=product&#038;p=2066"},"modified":"2026-03-26T16:34:53","modified_gmt":"2026-03-26T16:34:53","slug":"meditation-securite-lacher-prise","status":"publish","type":"product","link":"https:\/\/soi-holistique.com\/fmt\/product\/meditation-securite-lacher-prise\/","title":{"rendered":"M\u00e9ditation : S\u00e9curit\u00e9 &#038; L\u00e2cher Prise"},"content":{"rendered":"","protected":false},"excerpt":{"rendered":"","protected":false},"featured_media":2068,"comment_status":"open","ping_status":"closed","template":"","meta":{"_uag_custom_page_level_css":"","site-sidebar-layout":"default","site-content-layout":"","ast-site-content-layout":"default","site-content-style":"default","site-sidebar-style":"default","ast-global-header-display":"","ast-banner-title-visibility":"","ast-main-header-display":"","ast-hfb-above-header-display":"","ast-hfb-below-header-display":"","ast-hfb-mobile-header-display":"","site-post-title":"","ast-breadcrumbs-content":"","ast-featured-img":"","footer-sml-layout":"","ast-disable-related-posts":"","theme-transparent-header-meta":"default","adv-header-id-meta":"","stick-header-meta":"","header-above-stick-meta":"","header-main-stick-meta":"","header-below-stick-meta":"","astra-migrate-meta-layouts":"set","ast-page-background-enabled":"default","ast-page-background-meta":{"desktop":{"background-color":"var(--ast-global-color-4)","background-image":"","background-repeat":"repeat","background-position":"center center","background-size":"auto","background-attachment":"scroll","background-type":"","background-media":"","overlay-type":"","overlay-color":"","overlay-opacity":"","overlay-gradient":""},"tablet":{"background-color":"","background-image":"","background-repeat":"repeat","background-position":"center center","background-size":"auto","background-attachment":"scroll","background-type":"","background-media":"","overlay-type":"","overlay-color":"","overlay-opacity":"","overlay-gradient":""},"mobile":{"background-color":"","background-image":"","background-repeat":"repeat","background-position":"center center","background-size":"auto","background-attachment":"scroll","background-type":"","background-media":"","overlay-type":"","overlay-color":"","overlay-opacity":"","overlay-gradient":""}},"ast-content-background-meta":{"desktop":{"background-color":"var(--ast-global-color-5)","background-image":"","background-repeat":"repeat","background-position":"center center","background-size":"auto","background-attachment":"scroll","background-type":"","background-media":"","overlay-type":"","overlay-color":"","overlay-opacity":"","overlay-gradient":""},"tablet":{"background-color":"var(--ast-global-color-5)","background-image":"","background-repeat":"repeat","background-position":"center center","background-size":"auto","background-attachment":"scroll","background-type":"","background-media":"","overlay-type":"","overlay-color":"","overlay-opacity":"","overlay-gradient":""},"mobile":{"background-color":"var(--ast-global-color-5)","background-image":"","background-repeat":"repeat","background-position":"center center","background-size":"auto","background-attachment":"scroll","background-type":"","background-media":"","overlay-type":"","overlay-color":"","overlay-opacity":"","overlay-gradient":""}}},"product_brand":[],"product_cat":[21],"product_tag":[34],"class_list":{"0":"post-2066","1":"product","2":"type-product","3":"status-publish","4":"has-post-thumbnail","6":"product_cat-uncategorized","7":"product_tag-secutite-et-lacher-prise","8":"desktop-align-left","9":"tablet-align-left","10":"mobile-align-left","12":"first","13":"instock","14":"downloadable","15":"virtual","16":"purchasable","17":"product-type-simple"},"uagb_featured_image_src":{"full":["https:\/\/soi-holistique.com\/fmt\/wp-content\/uploads\/2026\/03\/ChatGPT-Image-Mar-26-2026-05_29_24-PM.png",1536,1024,false],"thumbnail":["https:\/\/soi-holistique.com\/fmt\/wp-content\/uploads\/2026\/03\/ChatGPT-Image-Mar-26-2026-05_29_24-PM-150x150.png",150,150,true],"medium":["https:\/\/soi-holistique.com\/fmt\/wp-content\/uploads\/2026\/03\/ChatGPT-Image-Mar-26-2026-05_29_24-PM-300x200.png",300,200,true],"medium_large":["https:\/\/soi-holistique.com\/fmt\/wp-content\/uploads\/2026\/03\/ChatGPT-Image-Mar-26-2026-05_29_24-PM-768x512.png",768,512,true],"large":["https:\/\/soi-holistique.com\/fmt\/wp-content\/uploads\/2026\/03\/ChatGPT-Image-Mar-26-2026-05_29_24-PM-1024x683.png",1024,683,true],"1536x1536":["https:\/\/soi-holistique.com\/fmt\/wp-content\/uploads\/2026\/03\/ChatGPT-Image-Mar-26-2026-05_29_24-PM.png",1536,1024,false],"2048x2048":["https:\/\/soi-holistique.com\/fmt\/wp-content\/uploads\/2026\/03\/ChatGPT-Image-Mar-26-2026-05_29_24-PM.png",1536,1024,false],"mailpoet_newsletter_max":["https:\/\/soi-holistique.com\/fmt\/wp-content\/uploads\/2026\/03\/ChatGPT-Image-Mar-26-2026-05_29_24-PM-1320x880.png",1320,880,true],"woocommerce_thumbnail":["https:\/\/soi-holistique.com\/fmt\/wp-content\/uploads\/2026\/03\/ChatGPT-Image-Mar-26-2026-05_29_24-PM-300x300.png",300,300,true],"woocommerce_single":["https:\/\/soi-holistique.com\/fmt\/wp-content\/uploads\/2026\/03\/ChatGPT-Image-Mar-26-2026-05_29_24-PM-600x400.png",600,400,true],"woocommerce_gallery_thumbnail":["https:\/\/soi-holistique.com\/fmt\/wp-content\/uploads\/2026\/03\/ChatGPT-Image-Mar-26-2026-05_29_24-PM-100x100.png",100,100,true]},"uagb_author_info":{"display_name":"Alina","author_link":"https:\/\/soi-holistique.com\/fmt\/author\/"},"uagb_comment_info":0,"uagb_excerpt":null,"_links":{"self":[{"href":"https:\/\/soi-holistique.com\/fmt\/wp-json\/wp\/v2\/product\/2066","targetHints":{"allow":["GET"]}}],"collection":[{"href":"https:\/\/soi-holistique.com\/fmt\/wp-json\/wp\/v2\/product"}],"about":[{"href":"https:\/\/soi-holistique.com\/fmt\/wp-json\/wp\/v2\/types\/product"}],"replies":[{"embeddable":true,"href":"https:\/\/soi-holistique.com\/fmt\/wp-json\/wp\/v2\/comments?post=2066"}],"wp:featuredmedia":[{"embeddable":true,"href":"https:\/\/soi-holistique.com\/fmt\/wp-json\/wp\/v2\/media\/2068"}],"wp:attachment":[{"href":"https:\/\/soi-holistique.com\/fmt\/wp-json\/wp\/v2\/media?parent=2066"}],"wp:term":[{"taxonomy":"product_brand","embeddable":true,"href":"https:\/\/soi-holistique.com\/fmt\/wp-json\/wp\/v2\/product_brand?post=2066"},{"taxonomy":"product_cat","embeddable":true,"href":"https:\/\/soi-holistique.com\/fmt\/wp-json\/wp\/v2\/product_cat?post=2066"},{"taxonomy":"product_tag","embeddable":true,"href":"https:\/\/soi-holistique.com\/fmt\/wp-json\/wp\/v2\/product_tag?post=2066"}],"curies":[{"name":"wp","href":"https:\/\/api.w.org\/{rel}","templated":true}]}}